{"id":17258,"date":"2024-03-14T16:57:44","date_gmt":"2024-03-14T15:57:44","guid":{"rendered":"https:\/\/mcelegal.ch\/mce2024?page_id=17258"},"modified":"2026-01-27T13:06:24","modified_gmt":"2026-01-27T12:06:24","slug":"julien-lattion","status":"publish","type":"page","link":"https:\/\/mcelegal.ch\/en\/team\/julien-lattion\/","title":{"rendered":"Julien Lattion"},"content":{"rendered":"<p><img decoding=\"async\" data-src=\"\/wp-content\/uploads\/2023\/09\/lattion.jpg\" alt=\"Julien Lattion\" src=\"data:image\/svg+xml;base64,PHN2ZyB3aWR0aD0iMSIgaGVpZ2h0PSIxIiB4bWxucz0iaHR0cDovL3d3dy53My5vcmcvMjAwMC9zdmciPjwvc3ZnPg==\" class=\"lazyload\" style=\"--smush-placeholder-width: 400px; --smush-placeholder-aspect-ratio: 400\/490;\"><\/p>\n<hr>\n<ul>\n<li>\n<p>        <img decoding=\"async\" data-src=\"\/wp-content\/uploads\/2025\/01\/Avocat.png\" alt=\"\" src=\"data:image\/svg+xml;base64,PHN2ZyB3aWR0aD0iMSIgaGVpZ2h0PSIxIiB4bWxucz0iaHR0cDovL3d3dy53My5vcmcvMjAwMC9zdmciPjwvc3ZnPg==\" class=\"lazyload\" style=\"--smush-placeholder-width: 500px; --smush-placeholder-aspect-ratio: 500\/500;\"><\/p>\n<div><strong>Member of the Bar<br \/><\/strong><em>FSA specialist in inheritance law<\/em><strong><br \/>Valais notary<br \/>Partner since 2013<\/strong><\/div>\n<\/li>\n<li>\n<p>        <img decoding=\"async\" data-src=\"\/wp-content\/uploads\/2025\/01\/localisation.png\" alt=\"\" src=\"data:image\/svg+xml;base64,PHN2ZyB3aWR0aD0iMSIgaGVpZ2h0PSIxIiB4bWxucz0iaHR0cDovL3d3dy53My5vcmcvMjAwMC9zdmciPjwvc3ZnPg==\" class=\"lazyload\" style=\"--smush-placeholder-width: 500px; --smush-placeholder-aspect-ratio: 500\/500;\"><\/p>\n<div>\n<p><strong>Adresse<br \/><\/strong><span>MCE Avocats &amp; Notaires (Martigny)<br \/>Avenue de la Gare 56<br \/>Case postale 232<br \/>1920 Martigny 1<br \/><\/span><\/p>\n<\/div>\n<\/li>\n<li>\n<p>        <img decoding=\"async\" data-src=\"\/wp-content\/uploads\/2025\/01\/mail.png\" alt=\"\" src=\"data:image\/svg+xml;base64,PHN2ZyB3aWR0aD0iMSIgaGVpZ2h0PSIxIiB4bWxucz0iaHR0cDovL3d3dy53My5vcmcvMjAwMC9zdmciPjwvc3ZnPg==\" class=\"lazyload\" style=\"--smush-placeholder-width: 500px; --smush-placeholder-aspect-ratio: 500\/500;\"><\/p>\n<div><strong>Email<\/strong><br \/><a href=\"mailto:j.lattion@mcelegal.ch\">j.lattion@mcelegal.ch<\/a><\/div>\n<\/li>\n<li>\n<p>        <img decoding=\"async\" data-src=\"\/wp-content\/uploads\/2025\/01\/langue-parle.png\" alt=\"\" src=\"data:image\/svg+xml;base64,PHN2ZyB3aWR0aD0iMSIgaGVpZ2h0PSIxIiB4bWxucz0iaHR0cDovL3d3dy53My5vcmcvMjAwMC9zdmciPjwvc3ZnPg==\" class=\"lazyload\" style=\"--smush-placeholder-width: 500px; --smush-placeholder-aspect-ratio: 500\/500;\"><\/p>\n<div><strong>Languages<\/strong><br \/>FR \/ ALL \/ EN<\/div>\n<\/li>\n<\/ul>\n<h2>Biography<\/h2>\n<div>\n<p>Julien Lattion studied at the Universities of Heidelberg (D) and Fribourg (CH) and obtained his law degree in 2002.<\/p>\n<p>After qualifying as an avocat (2005) and notary (2010), Julien Lattion also qualified as an FSA specialist in inheritance law in 2012.<\/p>\n<p>After practising for several years in a Chablais law firm, he joined MCE (Martigny) in June 2013 as a local partner.<\/p>\n<p>He is a member of several professional associations, including the Swiss Lawyers\u2019 Federation (FSA), the Association des Notaires Valaisans (ANV) and the Soci\u00e9t\u00e9 romande des Avocats Sp\u00e9cialistes en droit des Successions (SASS).<\/p>\n<\/div>\n<h2>Practice areas<\/h2>\n<ul>\n<li>\n<p>        <img decoding=\"async\" data-src=\"\/wp-content\/uploads\/2025\/01\/droit-des-societes.png\" alt=\"\" src=\"data:image\/svg+xml;base64,PHN2ZyB3aWR0aD0iMSIgaGVpZ2h0PSIxIiB4bWxucz0iaHR0cDovL3d3dy53My5vcmcvMjAwMC9zdmciPjwvc3ZnPg==\" class=\"lazyload\" style=\"--smush-placeholder-width: 500px; --smush-placeholder-aspect-ratio: 500\/500;\"><\/p>\n<h3>Company law<\/h3>\n<p><a href=\"https:\/\/mcelegal.ch?page_id=14090\"><\/a><\/p>\n<\/li>\n<li>\n<p>        <img decoding=\"async\" data-src=\"\/wp-content\/uploads\/2025\/01\/droit-des-contrats.png\" alt=\"droit des contrats\" src=\"data:image\/svg+xml;base64,PHN2ZyB3aWR0aD0iMSIgaGVpZ2h0PSIxIiB4bWxucz0iaHR0cDovL3d3dy53My5vcmcvMjAwMC9zdmciPjwvc3ZnPg==\" class=\"lazyload\" style=\"--smush-placeholder-width: 500px; --smush-placeholder-aspect-ratio: 500\/500;\"><\/p>\n<h3>Contract law<\/h3>\n<p><a href=\"https:\/\/mcelegal.ch?page_id=14090\"><\/a><\/p>\n<\/li>\n<li>\n<p>        <img decoding=\"async\" data-src=\"\/wp-content\/uploads\/2025\/01\/Droit-des-successions-1.png\" alt=\"Droit des successions\" src=\"data:image\/svg+xml;base64,PHN2ZyB3aWR0aD0iMSIgaGVpZ2h0PSIxIiB4bWxucz0iaHR0cDovL3d3dy53My5vcmcvMjAwMC9zdmciPjwvc3ZnPg==\" class=\"lazyload\" style=\"--smush-placeholder-width: 500px; --smush-placeholder-aspect-ratio: 500\/500;\"><\/p>\n<h3>Inheritance law<\/h3>\n<p><a href=\"https:\/\/mcelegal.ch?page_id=15050\"><\/a><\/p>\n<\/li>\n<li>\n<p>        <img decoding=\"async\" data-src=\"\/wp-content\/uploads\/2025\/01\/Activites-notariales.png\" alt=\"Activite\u0301s notariales\" src=\"data:image\/svg+xml;base64,PHN2ZyB3aWR0aD0iMSIgaGVpZ2h0PSIxIiB4bWxucz0iaHR0cDovL3d3dy53My5vcmcvMjAwMC9zdmciPjwvc3ZnPg==\" class=\"lazyload\" style=\"--smush-placeholder-width: 500px; --smush-placeholder-aspect-ratio: 500\/500;\"><\/p>\n<h3>Notarial activities <\/h3>\n<p> (throughout Switzerland for commercial and inheritance deeds, in Valais only for real estate deeds)<\/p>\n<\/li>\n<\/ul>\n<h2>Professional activities<\/h2>\n<div>\n<h3> Partner at MCE Avocats<\/h3>\n<div>\n<p>Since 2013<\/p>\n<\/div>\n<\/div>\n<h2>Education<\/h2>\n<ul>\n<li>\n<h3>FSA specialisation in inheritance law<\/h3>\n<div>\n<p>2012<\/p>\n<\/div>\n<\/li>\n<li>\n<h3>Qualified as a Valais notary<\/h3>\n<div>\n<p>2010<\/p>\n<\/div>\n<\/li>\n<li>\n<h3>Bar exam<\/h3>\n<div>\n<p>2005<\/p>\n<\/div>\n<\/li>\n<li>\n<h3>Law degree<\/h3>\n<div>\n<p>2002<\/p>\n<\/div>\n<\/li>\n<\/ul>\n<h2>Articles &amp; Publications<\/h2>\n<div>\n<\/div>\n<p><!--more--><br \/>\n<!-- {\"type\":\"layout\",\"children\":[{\"name\":\"Vita\",\"type\":\"section\",\"props\":{\"animation_delay\":false,\"image_position\":\"center-center\",\"style\":\"default\",\"title_breakpoint\":\"xl\",\"title_position\":\"top-left\",\"title_rotation\":\"left\",\"vertical_align\":\"\",\"width\":\"default\"},\"children\":[{\"type\":\"row\",\"children\":[{\"type\":\"column\",\"props\":{\"image_position\":\"center-center\",\"position_sticky_breakpoint\":\"m\",\"width_medium\":\"1-1\"},\"children\":[{\"type\":\"headline\",\"props\":{\"image_align\":\"left\",\"image_margin\":\"xsmall\",\"margin_bottom\":\"small\",\"margin_top\":\"small\",\"title_color\":\"emphasis\",\"title_decoration\":\"bullet\",\"title_element\":\"h1\",\"title_style\":\"h2\"},\"source\":{\"query\":{\"name\":\"pages.singlePage\"},\"props\":{\"content\":{\"filters\":{\"search\":\"\"},\"name\":\"title\"}}}},{\"type\":\"breadcrumbs\",\"props\":{\"show_current\":true,\"show_home\":true}}]}]},{\"type\":\"row\",\"props\":{\"column_gap\":\"large\",\"layout\":\"1-3,2-3\",\"row_gap\":\"large\"},\"children\":[{\"type\":\"column\",\"props\":{\"image_position\":\"center-center\",\"position_sticky\":\"column\",\"position_sticky_breakpoint\":\"m\",\"style\":\"card-default\",\"width_medium\":\"1-3\",\"width_small\":\"1-1\"},\"children\":[{\"type\":\"image\",\"props\":{\"css\":\".el-image {\\n    filter: grayscale(0%); \/* Noir et blanc par d\u00e9faut *\/\\n    transition: filter 0.3s ease, transform 0.3s ease; \/* Transition fluide pour filtre et zoom *\/\\n    transform: scale(1); \/* \u00c9chelle normale *\/\\n}\\n\\n.el-image:hover {\\n    filter: grayscale(100%); \\n     transform: scale(1.05); \\n    transition: filter 0.6s ease, transform 0.6s ease; \/* Transition fluide pour filtre et zoom *\/\\n}\",\"image\":\"wp-content\/uploads\/2023\/09\/lattion.jpg\",\"image_alt\":\"Julien Lattion\",\"image_loading\":true,\"image_svg_color\":\"emphasis\",\"image_width\":\"600\",\"margin_bottom\":\"default\",\"margin_top\":\"default\"}},{\"type\":\"divider\",\"props\":{\"divider_element\":\"hr\"}},{\"type\":\"list\",\"props\":{\"column_breakpoint\":\"m\",\"image_align\":\"left\",\"image_loading\":true,\"image_svg_color\":\"emphasis\",\"image_vertical_align\":true,\"image_width\":\"60\",\"list_element\":\"ul\",\"list_horizontal_separator\":\", \",\"list_style\":\"divider\",\"list_type\":\"vertical\",\"show_image\":true,\"show_link\":true},\"children\":[{\"type\":\"list_item\",\"props\":{\"content\":\"<strong>Member of the Bar<br \/><\/strong><em>FSA specialist in inheritance law<\/em><strong><br \/>Valais notary<br \/>Partner since 2013<\/strong>\",\"image\":\"wp-content\/uploads\/2025\/01\/Avocat.png\"}},{\"type\":\"list_item\",\"props\":{\"content\":\"\n\n<p><strong>Adresse<br \/><\/strong><span>MCE Avocats &amp; Notaires (Martigny)<br \/>Avenue de la Gare 56<br \/>Case postale 232<br \/>1920 Martigny 1<br \/><\/span><\/p>\n\n\",\"image\":\"wp-content\/uploads\/2025\/01\/localisation.png\"}},{\"type\":\"list_item\",\"props\":{\"content\":\"<strong>Email<\/strong><br \/><a href=\\\"mailto:j.lattion@mcelegal.ch\\\">j.lattion@mcelegal.ch<\/a>\",\"image\":\"wp-content\/uploads\/2025\/01\/mail.png\"}},{\"type\":\"list_item\",\"props\":{\"content\":\"<strong>Languages<\/strong><br \/>FR \/ ALL \/ EN\",\"image\":\"wp-content\/uploads\/2025\/01\/langue-parle.png\"}}]}]},{\"type\":\"column\",\"props\":{\"image_position\":\"center-center\",\"position_sticky_breakpoint\":\"m\",\"width_medium\":\"2-3\",\"width_small\":\"1-1\"},\"children\":[{\"type\":\"headline\",\"props\":{\"content\":\"Biography\",\"image_align\":\"left\",\"image_margin\":\"xsmall\",\"margin_bottom\":\"remove\",\"margin_top\":\"large\",\"title_element\":\"h2\",\"title_style\":\"h3\"}},{\"type\":\"text\",\"props\":{\"column_breakpoint\":\"m\",\"content\":\"\n\n<p>Julien Lattion studied at the Universities of Heidelberg (D) and Fribourg (CH) and obtained his law degree in 2002.<\/p>\n\n\\n\n\n<p>After qualifying as an avocat (2005) and notary (2010), Julien Lattion also qualified as an FSA specialist in inheritance law in 2012.<\/p>\n\n\\n\n\n<p>After practising for several years in a Chablais law firm, he joined MCE (Martigny) in June 2013 as a local partner.<\/p>\n\n\\n\n\n<p>He is a member of several professional associations, including the Swiss Lawyers\u2019 Federation (FSA), the Association des Notaires Valaisans (ANV) and the Soci\u00e9t\u00e9 romande des Avocats Sp\u00e9cialistes en droit des Successions (SASS).<\/p>\n\n\",\"margin_bottom\":\"default\",\"margin_top\":\"default\"}},{\"type\":\"headline\",\"props\":{\"content\":\"Practice areas\",\"image_align\":\"left\",\"image_margin\":\"xsmall\",\"margin_bottom\":\"remove\",\"margin_top\":\"large\",\"title_element\":\"h2\",\"title_style\":\"h3\"}},{\"type\":\"panel-slider\",\"props\":{\"content_column_breakpoint\":\"m\",\"image_align\":\"top\",\"image_grid_breakpoint\":\"m\",\"image_grid_width\":\"1-2\",\"image_link\":false,\"image_loading\":true,\"image_svg_color\":\"emphasis\",\"image_width\":\"50\",\"link_style\":\"default\",\"link_text\":\"\",\"margin_bottom\":\"default\",\"margin_top\":\"default\",\"meta_align\":\"below-title\",\"meta_element\":\"div\",\"meta_margin\":\"small\",\"meta_style\":\"text-meta\",\"nav\":\"dotnav\",\"nav_align\":\"center\",\"nav_breakpoint\":\"s\",\"panel_link\":true,\"panel_link_hover\":\"true\",\"panel_match\":true,\"panel_padding\":\"small\",\"panel_style\":\"tile-muted\",\"show_content\":true,\"show_hover_image\":true,\"show_hover_video\":true,\"show_image\":true,\"show_link\":true,\"show_meta\":true,\"show_title\":true,\"show_video\":true,\"slidenav\":\"outside\",\"slidenav_breakpoint\":\"\",\"slidenav_margin\":\"\",\"slidenav_outside_breakpoint\":\"s\",\"slider_autoplay_pause\":true,\"slider_gap\":\"default\",\"slider_width\":\"fixed\",\"slider_width_default\":\"5-6\",\"slider_width_medium\":\"1-3\",\"slider_width_small\":\"1-3\",\"text_align\":\"center\",\"title_align\":\"top\",\"title_element\":\"h3\",\"title_grid_breakpoint\":\"m\",\"title_grid_width\":\"1-2\",\"title_hover_style\":\"reset\",\"title_style\":\"text-lead\"},\"children\":[{\"type\":\"panel-slider_item\",\"props\":{\"image\":\"wp-content\/uploads\/2025\/01\/droit-des-societes.png\",\"link\":\"https:\/\/mcelegal.ch?page_id=14090\",\"title\":\"Company law\"}},{\"type\":\"panel-slider_item\",\"props\":{\"image\":\"wp-content\/uploads\/2025\/01\/droit-des-contrats.png\",\"image_alt\":\"droit des contrats\",\"link\":\"https:\/\/mcelegal.ch?page_id=14090\",\"meta\":\"\",\"title\":\"Contract law\"}},{\"type\":\"panel-slider_item\",\"props\":{\"image\":\"wp-content\/uploads\/2025\/01\/Droit-des-successions-1.png\",\"image_alt\":\"Droit des successions\",\"link\":\"https:\/\/mcelegal.ch?page_id=15050\",\"title\":\"Inheritance law\"}},{\"type\":\"panel-slider_item\",\"props\":{\"image\":\"wp-content\/uploads\/2025\/01\/Activites-notariales.png\",\"image_alt\":\"Activite\u0301s notariales\",\"meta\":\" (throughout Switzerland for commercial and inheritance deeds, in Valais only for real estate deeds)\",\"title\":\"Notarial activities \"}}]},{\"type\":\"headline\",\"props\":{\"content\":\"Professional activities\",\"image_align\":\"left\",\"image_margin\":\"xsmall\",\"margin_bottom\":\"remove\",\"margin_top\":\"large\",\"title_element\":\"h2\",\"title_style\":\"h3\"}},{\"type\":\"description_list\",\"props\":{\"column_breakpoint\":\"m\",\"layout\":\"grid-2\",\"list_element\":\"ul\",\"list_size\":\"large\",\"list_style\":\"striped\",\"meta_align\":\"below-title\",\"meta_style\":\"text-meta\",\"show_content\":true,\"show_link\":false,\"show_meta\":true,\"show_title\":true,\"title_element\":\"div\",\"title_grid_column_gap\":\"large\",\"title_grid_row_gap\":\"large\",\"title_grid_width\":\"expand\"},\"children\":[{\"type\":\"description_list_item\",\"props\":{\"content\":\"\n\n<p>Since 2013<\/p>\n\n\",\"meta\":\"\",\"title\":\" Partner at MCE Avocats\"}}]},{\"type\":\"headline\",\"props\":{\"content\":\"Education\",\"image_align\":\"left\",\"image_margin\":\"xsmall\",\"margin_bottom\":\"remove\",\"margin_top\":\"large\",\"title_element\":\"h2\",\"title_style\":\"h3\"}},{\"type\":\"description_list\",\"props\":{\"column_breakpoint\":\"m\",\"layout\":\"grid-2\",\"list_element\":\"ul\",\"list_size\":\"large\",\"list_style\":\"striped\",\"meta_align\":\"below-title\",\"meta_style\":\"text-meta\",\"show_content\":true,\"show_link\":false,\"show_meta\":true,\"show_title\":true,\"title_element\":\"div\",\"title_grid_column_gap\":\"large\",\"title_grid_row_gap\":\"large\",\"title_grid_width\":\"expand\"},\"children\":[{\"type\":\"description_list_item\",\"props\":{\"content\":\"\n\n<p>2012<\/p>\n\n\",\"meta\":\"\",\"title\":\"FSA specialisation in inheritance law\"}},{\"type\":\"description_list_item\",\"props\":{\"content\":\"\n\n<p>2010<\/p>\n\n\",\"meta\":\"\",\"title\":\"Qualified as a Valais notary\"}},{\"type\":\"description_list_item\",\"props\":{\"content\":\"\n\n<p>2005<\/p>\n\n\",\"meta\":\"\",\"title\":\"Bar exam\"}},{\"type\":\"description_list_item\",\"props\":{\"content\":\"\n\n<p>2002<\/p>\n\n\",\"meta\":\"\",\"title\":\"Law degree\"}}]},{\"type\":\"headline\",\"props\":{\"content\":\"Articles &amp; Publications\",\"image_align\":\"left\",\"image_margin\":\"xsmall\",\"margin_bottom\":\"remove\",\"margin_top\":\"large\",\"title_element\":\"h2\",\"title_style\":\"h3\"},\"name\":\"Headline : Article & Publications\"},{\"type\":\"panel-slider\",\"props\":{\"content_column_breakpoint\":\"m\",\"content_margin_auto\":true,\"css\":\".el-content {\\n    font-size : 12px;}\",\"image_align\":\"top\",\"image_expand\":true,\"image_grid_breakpoint\":\"m\",\"image_grid_width\":\"1-2\",\"image_svg_color\":\"emphasis\",\"image_text_color\":\"light\",\"image_width\":200,\"link_style\":\"default\",\"link_text\":\"\",\"margin_bottom\":\"default\",\"margin_top\":\"default\",\"meta_align\":\"below-title\",\"meta_element\":\"div\",\"meta_style\":\"text-small\",\"nav\":\"dotnav\",\"nav_align\":\"center\",\"nav_breakpoint\":\"s\",\"panel_card_offset\":false,\"panel_image_no_padding\":false,\"panel_link\":true,\"panel_match\":true,\"panel_padding\":\"small\",\"panel_style\":\"card-default\",\"show_content\":true,\"show_hover_image\":false,\"show_hover_video\":false,\"show_image\":true,\"show_link\":true,\"show_meta\":true,\"show_title\":true,\"show_video\":false,\"slidenav\":\"outside\",\"slidenav_breakpoint\":\"\",\"slidenav_hover\":false,\"slidenav_large\":false,\"slidenav_margin\":\"\",\"slidenav_outside_breakpoint\":\"l\",\"slider_autoplay_pause\":true,\"slider_gap\":\"default\",\"slider_width\":\"fixed\",\"slider_width_default\":\"5-6\",\"slider_width_medium\":\"1-3\",\"slider_width_small\":\"1-2\",\"title_align\":\"top\",\"title_element\":\"h3\",\"title_grid_breakpoint\":\"m\",\"title_grid_width\":\"1-2\",\"title_hover_style\":\"reset\",\"title_style\":\"text-lead\"},\"children\":[{\"type\":\"panel-slider_item\",\"props\":{\"content\":\"\"},\"source\":{\"query\":{\"name\":\"posts.customPosts\",\"arguments\":{\"terms\":[276],\"category_operator\":\"IN\",\"post_tag_operator\":\"IN\",\"users\":[],\"users_operator\":\"IN\",\"offset\":0,\"limit\":10,\"order\":\"date\",\"order_direction\":\"DESC\",\"date_range\":\"relative\",\"date_relative\":\"next\",\"date_relative_unit\":\"day\",\"date_relative_unit_this\":\"day\"}},\"props\":{\"title\":{\"name\":\"title\"},\"content\":{\"filters\":{\"date\":\"\"},\"name\":\"date\"},\"link\":{\"name\":\"link\"},\"image\":{\"name\":\"featuredImage.url\"}}}}],\"name\":\"Panel : Articles associ\u00e9s\",\"source\":{\"query\":{\"name\":\"posts.customPost\",\"arguments\":{\"terms\":[],\"category_operator\":\"IN\",\"post_tag_operator\":\"IN\",\"users\":[],\"users_operator\":\"IN\",\"offset\":0,\"order\":\"date\",\"order_direction\":\"DESC\",\"id\":16654,\"date_range\":\"relative\",\"date_relative\":\"next\",\"date_relative_unit\":\"day\",\"date_relative_unit_this\":\"day\"}},\"props\":{\"content\":{\"filters\":{\"search\":\"\",\"limit\":200},\"name\":\"excerpt\"}}}},{\"type\":\"totop\",\"props\":{\"margin_bottom\":\"default\",\"margin_top\":\"default\",\"title\":\"Retour en haut de page\",\"title_grid_column_gap\":\"small\",\"title_grid_row_gap\":\"small\",\"title_style\":\"meta\"}}]}]}]}],\"version\":\"5.0.7\"} --><\/p>\n","protected":false},"excerpt":{"rendered":"<p>Member of the BarFSA specialist in inheritance lawValais notaryPartner since 2013 AdresseMCE Avocats &amp; Notaires (Martigny)Avenue de la Gare 56Case postale 2321920 Martigny 1 Emailj.lattion@mcelegal.ch LanguagesFR \/ ALL \/ EN Biography Julien Lattion studied at the Universities of Heidelberg (D) and Fribourg (CH) and obtained his law degree in 2002. After qualifying as an avocat [&hellip;]<\/p>\n","protected":false},"author":11,"featured_media":16061,"parent":18938,"menu_order":0,"comment_status":"closed","ping_status":"closed","template":"","meta":{"footnotes":""},"tags":[261],"class_list":["post-17258","page","type-page","status-publish","has-post-thumbnail","hentry","tag-droit-de-la-famille-successions-en"],"_links":{"self":[{"href":"https:\/\/mcelegal.ch\/en\/wp-json\/wp\/v2\/pages\/17258","targetHints":{"allow":["GET"]}}],"collection":[{"href":"https:\/\/mcelegal.ch\/en\/wp-json\/wp\/v2\/pages"}],"about":[{"href":"https:\/\/mcelegal.ch\/en\/wp-json\/wp\/v2\/types\/page"}],"author":[{"embeddable":true,"href":"https:\/\/mcelegal.ch\/en\/wp-json\/wp\/v2\/users\/11"}],"replies":[{"embeddable":true,"href":"https:\/\/mcelegal.ch\/en\/wp-json\/wp\/v2\/comments?post=17258"}],"version-history":[{"count":2,"href":"https:\/\/mcelegal.ch\/en\/wp-json\/wp\/v2\/pages\/17258\/revisions"}],"predecessor-version":[{"id":19018,"href":"https:\/\/mcelegal.ch\/en\/wp-json\/wp\/v2\/pages\/17258\/revisions\/19018"}],"up":[{"embeddable":true,"href":"https:\/\/mcelegal.ch\/en\/wp-json\/wp\/v2\/pages\/18938"}],"wp:featuredmedia":[{"embeddable":true,"href":"https:\/\/mcelegal.ch\/en\/wp-json\/wp\/v2\/media\/16061"}],"wp:attachment":[{"href":"https:\/\/mcelegal.ch\/en\/wp-json\/wp\/v2\/media?parent=17258"}],"wp:term":[{"taxonomy":"post_tag","embeddable":true,"href":"https:\/\/mcelegal.ch\/en\/wp-json\/wp\/v2\/tags?post=17258"}],"curies":[{"name":"wp","href":"https:\/\/api.w.org\/{rel}","templated":true}]}}