{"id":17242,"date":"2023-10-13T13:49:03","date_gmt":"2023-10-13T11:49:03","guid":{"rendered":"https:\/\/mcelegal.ch\/mce2024?page_id=17242"},"modified":"2025-02-18T10:13:16","modified_gmt":"2025-02-18T09:13:16","slug":"florian-girardoz","status":"publish","type":"page","link":"https:\/\/mcelegal.ch\/en\/team\/florian-girardoz\/","title":{"rendered":"Florian Girardoz"},"content":{"rendered":"<p><img decoding=\"async\" data-src=\"\/mce2024\/wp-content\/uploads\/2023\/10\/girardoz.jpg\" alt=\"Florian Girardoz\" src=\"data:image\/svg+xml;base64,PHN2ZyB3aWR0aD0iMSIgaGVpZ2h0PSIxIiB4bWxucz0iaHR0cDovL3d3dy53My5vcmcvMjAwMC9zdmciPjwvc3ZnPg==\" class=\"lazyload\"><\/p>\n<hr>\n<ul>\n<li>\n<p>        <img decoding=\"async\" data-src=\"\/mce2024\/wp-content\/uploads\/2025\/01\/Avocat.png\" alt=\"\" src=\"data:image\/svg+xml;base64,PHN2ZyB3aWR0aD0iMSIgaGVpZ2h0PSIxIiB4bWxucz0iaHR0cDovL3d3dy53My5vcmcvMjAwMC9zdmciPjwvc3ZnPg==\" class=\"lazyload\"><\/p>\n<div><strong>Member of the Bar<br \/>Associate since 2023<\/strong><\/div>\n<\/li>\n<li>\n<p>        <img decoding=\"async\" data-src=\"\/mce2024\/wp-content\/uploads\/2025\/01\/localisation.png\" alt=\"\" src=\"data:image\/svg+xml;base64,PHN2ZyB3aWR0aD0iMSIgaGVpZ2h0PSIxIiB4bWxucz0iaHR0cDovL3d3dy53My5vcmcvMjAwMC9zdmciPjwvc3ZnPg==\" class=\"lazyload\"><\/p>\n<div><span><strong>Adresse<\/strong><br \/>MCE Avocats (Lausanne)<br \/>Rue du Grand-Ch\u00eane 1<br \/>Case postale 1106<br \/>1001 Lausanne<br \/><\/span><\/div>\n<\/li>\n<li>\n<p>        <img decoding=\"async\" data-src=\"\/mce2024\/wp-content\/uploads\/2025\/01\/mail.png\" alt=\"\" src=\"data:image\/svg+xml;base64,PHN2ZyB3aWR0aD0iMSIgaGVpZ2h0PSIxIiB4bWxucz0iaHR0cDovL3d3dy53My5vcmcvMjAwMC9zdmciPjwvc3ZnPg==\" class=\"lazyload\"><\/p>\n<div><strong>Email<\/strong><br \/><a href=\"mailto:f.girardoz@mcelegal.ch\">f.girardoz@mcelegal.ch<\/a><\/div>\n<\/li>\n<li>\n<p>        <img decoding=\"async\" data-src=\"\/mce2024\/wp-content\/uploads\/2025\/01\/langue-parle.png\" alt=\"\" src=\"data:image\/svg+xml;base64,PHN2ZyB3aWR0aD0iMSIgaGVpZ2h0PSIxIiB4bWxucz0iaHR0cDovL3d3dy53My5vcmcvMjAwMC9zdmciPjwvc3ZnPg==\" class=\"lazyload\"><\/p>\n<div><strong>Languages<\/strong><br \/>FR \/ ALL \/ EN<\/div>\n<\/li>\n<\/ul>\n<h2>Biography<\/h2>\n<div>\n<p>Florian Girardoz holds a bilingual Bachelor\u2019s degree in law from the University of Fribourg and a bilingual double Master\u2019s degree in law from the Universities of Neuch\u00e2tel and Lucerne. He joined MCE Avocats in 2020 as a trainee lawyer.\u00a0<\/p>\n<p>After obtaining his bar exam in 2022, Florian Girardoz continued to work at MCE Avocats as an associate. He is fluent in French, German and English.\u00a0<\/p>\n<p>Alongside his professional activities, Mr Florian Girardoz is also involved in sporting activities, in particular as a judo coach.<\/p>\n<\/div>\n<h2>Practice areas<\/h2>\n<ul>\n<li>\n<p>        <img decoding=\"async\" data-src=\"\/mce2024\/wp-content\/uploads\/2025\/01\/Droit-penal-2.png\" alt=\"\" src=\"data:image\/svg+xml;base64,PHN2ZyB3aWR0aD0iMSIgaGVpZ2h0PSIxIiB4bWxucz0iaHR0cDovL3d3dy53My5vcmcvMjAwMC9zdmciPjwvc3ZnPg==\" class=\"lazyload\"><\/p>\n<h3>Criminal law and procedure<\/h3>\n<\/li>\n<li>\n<p>        <img decoding=\"async\" data-src=\"\/mce2024\/wp-content\/uploads\/2025\/01\/Droit-penal-2.png\" alt=\"\" src=\"data:image\/svg+xml;base64,PHN2ZyB3aWR0aD0iMSIgaGVpZ2h0PSIxIiB4bWxucz0iaHR0cDovL3d3dy53My5vcmcvMjAwMC9zdmciPjwvc3ZnPg==\" class=\"lazyload\"><\/p>\n<h3>Civil law<\/h3>\n<\/li>\n<li>\n<p>        <img decoding=\"async\" data-src=\"\/mce2024\/wp-content\/uploads\/2025\/01\/Droit-du-travail-1.png\" alt=\"Droit du travail\" src=\"data:image\/svg+xml;base64,PHN2ZyB3aWR0aD0iMSIgaGVpZ2h0PSIxIiB4bWxucz0iaHR0cDovL3d3dy53My5vcmcvMjAwMC9zdmciPjwvc3ZnPg==\" class=\"lazyload\"><\/p>\n<h3>Employment law<\/h3>\n<\/li>\n<li>\n<p>        <img decoding=\"async\" data-src=\"\/mce2024\/wp-content\/uploads\/2025\/01\/Droit-du-bail-1.png\" alt=\"Droit du bail\" src=\"data:image\/svg+xml;base64,PHN2ZyB3aWR0aD0iMSIgaGVpZ2h0PSIxIiB4bWxucz0iaHR0cDovL3d3dy53My5vcmcvMjAwMC9zdmciPjwvc3ZnPg==\" class=\"lazyload\"><\/p>\n<h3>Tenancy law<\/h3>\n<\/li>\n<li>\n<p>        <img decoding=\"async\" data-src=\"\/mce2024\/wp-content\/uploads\/2023\/11\/famille.png\" alt=\"droit de la famille\" src=\"data:image\/svg+xml;base64,PHN2ZyB3aWR0aD0iMSIgaGVpZ2h0PSIxIiB4bWxucz0iaHR0cDovL3d3dy53My5vcmcvMjAwMC9zdmciPjwvc3ZnPg==\" class=\"lazyload\"><\/p>\n<h3>Family law<\/h3>\n<p><a href=\"https:\/\/mcelegal.ch?page_id=15050\"><\/a><\/p>\n<\/li>\n<\/ul>\n<h2>Practice areas<\/h2>\n<ul>\n<li>\n<h3>Associate at MCE Avocats<\/h3>\n<div>\n<p>Since 2023<\/p>\n<\/div>\n<\/li>\n<li>\n<h3>Trainee lawyer at MCE Avocats<\/h3>\n<div>\n<p><span>2020-2022\u00a0<\/span><\/p>\n<\/div>\n<\/li>\n<\/ul>\n<h2>Education<\/h2>\n<ul>\n<li>\n<h3>Brevet d\u2019avocat<\/h3>\n<div>\n<p>2022<\/p>\n<\/div>\n<\/li>\n<li>\n<h3>Double cursus de Master bilingue en droit d\u00e9livr\u00e9 par les Universit\u00e9s de Neuch\u00e2tel et Lucerne<\/h3>\n<div>\n<p>2020<\/p>\n<\/div>\n<\/li>\n<li>\n<h3>Bachelor bilingue en droit de l\u2019Universit\u00e9 de Fribourg<\/h3>\n<div>\n<p>2018<\/p>\n<\/div>\n<\/li>\n<\/ul>\n<p><!--more--><br \/>\n<!-- {\"type\":\"layout\",\"children\":[{\"name\":\"Vita\",\"type\":\"section\",\"props\":{\"animation_delay\":false,\"image_position\":\"center-center\",\"style\":\"default\",\"title_breakpoint\":\"xl\",\"title_position\":\"top-left\",\"title_rotation\":\"left\",\"vertical_align\":\"\",\"width\":\"default\"},\"children\":[{\"type\":\"row\",\"children\":[{\"type\":\"column\",\"props\":{\"image_position\":\"center-center\",\"position_sticky_breakpoint\":\"m\",\"width_medium\":\"1-1\"},\"children\":[{\"type\":\"headline\",\"props\":{\"margin\":\"small\",\"title_color\":\"emphasis\",\"title_decoration\":\"bullet\",\"title_element\":\"h1\",\"title_style\":\"h2\"},\"source\":{\"query\":{\"name\":\"pages.singlePage\"},\"props\":{\"content\":{\"filters\":{\"search\":\"\"},\"name\":\"title\"}}}},{\"type\":\"breadcrumbs\",\"props\":{\"show_current\":false,\"show_home\":true}}]}]},{\"type\":\"row\",\"props\":{\"column_gap\":\"large\",\"layout\":\"1-3,2-3\",\"row_gap\":\"large\"},\"children\":[{\"type\":\"column\",\"props\":{\"image_position\":\"center-center\",\"position_sticky\":\"column\",\"position_sticky_breakpoint\":\"m\",\"style\":\"card-default\",\"width_medium\":\"1-3\",\"width_small\":\"1-1\"},\"children\":[{\"type\":\"image\",\"props\":{\"css\":\".el-image {\\n    filter: grayscale(0%); \\\/* Noir et blanc par d\\u00e9faut *\\\/\\n    transition: filter 0.3s ease, transform 0.3s ease; \\\/* Transition fluide pour filtre et zoom *\\\/\\n    transform: scale(1); \\\/* \\u00c9chelle normale *\\\/\\n}\\n\\n.el-image:hover {\\n    filter: grayscale(100%); \\n     transform: scale(1.05); \\n    transition: filter 0.6s ease, transform 0.6s ease; \\\/* Transition fluide pour filtre et zoom *\\\/\\n}\\n\\n\",\"image\":\"wp-content\\\/uploads\\\/2023\\\/10\\\/girardoz.jpg\",\"image_alt\":\"Florian Girardoz\",\"image_loading\":true,\"image_svg_color\":\"emphasis\",\"image_width\":\"600\",\"margin\":\"default\"}},{\"type\":\"divider\",\"props\":{\"divider_element\":\"hr\"}},{\"type\":\"list\",\"props\":{\"column_breakpoint\":\"m\",\"image_align\":\"left\",\"image_loading\":true,\"image_svg_color\":\"emphasis\",\"image_vertical_align\":true,\"image_width\":\"60\",\"list_element\":\"ul\",\"list_horizontal_separator\":\", \",\"list_style\":\"divider\",\"list_type\":\"vertical\",\"show_image\":true,\"show_link\":true},\"children\":[{\"type\":\"list_item\",\"props\":{\"content\":\"<strong>Member of the Bar<br \\\/>Associate since 2023<\\\/strong>\",\"image\":\"wp-content\\\/uploads\\\/2025\\\/01\\\/Avocat.png\"}},{\"type\":\"list_item\",\"props\":{\"content\":\"<span><strong>Adresse<\\\/strong><br \\\/>MCE Avocats (Lausanne)<br \\\/>Rue du Grand-Ch\\u00eane 1<br \\\/>Case postale 1106<br \\\/>1001 Lausanne<br \\\/><\\\/span>\",\"image\":\"wp-content\\\/uploads\\\/2025\\\/01\\\/localisation.png\"}},{\"type\":\"list_item\",\"props\":{\"content\":\"<strong>Email<\\\/strong><br \\\/><a href=\\\"mailto:f.girardoz@mcelegal.ch\\\">f.girardoz@mcelegal.ch<\\\/a>\",\"image\":\"wp-content\\\/uploads\\\/2025\\\/01\\\/mail.png\"}},{\"type\":\"list_item\",\"props\":{\"content\":\"<strong>Languages<\\\/strong><br \\\/>FR \\\/ ALL \\\/ EN\",\"image\":\"wp-content\\\/uploads\\\/2025\\\/01\\\/langue-parle.png\"}}]}]},{\"type\":\"column\",\"props\":{\"image_position\":\"center-center\",\"position_sticky_breakpoint\":\"m\",\"width_medium\":\"2-3\",\"width_small\":\"1-1\"},\"children\":[{\"type\":\"headline\",\"props\":{\"content\":\"Biography\",\"margin\":\"large\",\"margin_remove_bottom\":true,\"title_element\":\"h2\",\"title_style\":\"h3\"}},{\"type\":\"text\",\"props\":{\"column_breakpoint\":\"m\",\"content\":\"\n\n<p>Florian Girardoz holds a bilingual Bachelor\\u2019s degree in law from the University of Fribourg and a bilingual double Master\\u2019s degree in law from the Universities of Neuch\\u00e2tel and Lucerne. He joined MCE Avocats in 2020 as a trainee lawyer.\\u00a0<\\\/p>\\n\n\n<p>After obtaining his bar exam in 2022, Florian Girardoz continued to work at MCE Avocats as an associate. He is fluent in French, German and English.\\u00a0<\\\/p>\\n\n\n<p>Alongside his professional activities, Mr Florian Girardoz is also involved in sporting activities, in particular as a judo coach.<\\\/p>\",\"margin\":\"default\"}},{\"type\":\"headline\",\"props\":{\"content\":\"Practice areas\",\"margin\":\"large\",\"margin_remove_bottom\":true,\"title_element\":\"h2\",\"title_style\":\"h3\"}},{\"type\":\"panel-slider\",\"props\":{\"content_column_breakpoint\":\"m\",\"icon_width\":80,\"image_align\":\"top\",\"image_grid_breakpoint\":\"m\",\"image_grid_width\":\"1-2\",\"image_link\":false,\"image_loading\":true,\"image_svg_color\":\"emphasis\",\"image_width\":\"50\",\"link_style\":\"default\",\"link_text\":\"\",\"margin\":\"default\",\"meta_align\":\"below-title\",\"meta_element\":\"div\",\"meta_margin\":\"small\",\"meta_style\":\"text-meta\",\"nav\":\"dotnav\",\"nav_align\":\"center\",\"nav_breakpoint\":\"s\",\"panel_link\":true,\"panel_link_hover\":\"true\",\"panel_match\":true,\"panel_padding\":\"small\",\"panel_style\":\"tile-muted\",\"show_content\":true,\"show_hover_image\":false,\"show_hover_video\":false,\"show_image\":true,\"show_link\":true,\"show_meta\":true,\"show_title\":true,\"show_video\":false,\"slidenav\":\"outside\",\"slidenav_breakpoint\":\"\",\"slidenav_margin\":\"\",\"slidenav_outside_breakpoint\":\"s\",\"slider_autoplay_pause\":true,\"slider_gap\":\"default\",\"slider_width\":\"fixed\",\"slider_width_default\":\"5-6\",\"slider_width_medium\":\"1-3\",\"slider_width_small\":\"1-3\",\"text_align\":\"center\",\"title_align\":\"top\",\"title_element\":\"h3\",\"title_grid_breakpoint\":\"m\",\"title_grid_width\":\"1-2\",\"title_hover_style\":\"reset\",\"title_style\":\"text-lead\"},\"children\":[{\"type\":\"panel-slider_item\",\"props\":{\"image\":\"wp-content\\\/uploads\\\/2025\\\/01\\\/Droit-penal-2.png\",\"meta\":\"\",\"title\":\"Criminal law and procedure\"}},{\"type\":\"panel-slider_item\",\"props\":{\"image\":\"wp-content\\\/uploads\\\/2025\\\/01\\\/Droit-penal-2.png\",\"meta\":\"\",\"title\":\"Civil law\"}},{\"type\":\"panel-slider_item\",\"props\":{\"image\":\"wp-content\\\/uploads\\\/2025\\\/01\\\/Droit-du-travail-1.png\",\"image_alt\":\"Droit du travail\",\"meta\":\"\",\"title\":\"Employment law\"}},{\"type\":\"panel-slider_item\",\"props\":{\"image\":\"wp-content\\\/uploads\\\/2025\\\/01\\\/Droit-du-bail-1.png\",\"image_alt\":\"Droit du bail\",\"meta\":\"\",\"title\":\"Tenancy law\"}},{\"type\":\"panel-slider_item\",\"props\":{\"image\":\"wp-content\\\/uploads\\\/2023\\\/11\\\/famille.png\",\"image_alt\":\"droit de la famille\",\"link\":\"https:\\\/\\\/mcelegal.ch?page_id=15050\",\"title\":\"Family law\"}}]},{\"type\":\"headline\",\"props\":{\"content\":\"Practice areas\",\"margin\":\"large\",\"margin_remove_bottom\":true,\"title_element\":\"h2\",\"title_style\":\"h3\"}},{\"type\":\"description_list\",\"props\":{\"column_breakpoint\":\"m\",\"layout\":\"grid-2\",\"list_element\":\"ul\",\"list_size\":\"large\",\"list_style\":\"striped\",\"meta_align\":\"below-title\",\"meta_style\":\"text-meta\",\"show_content\":true,\"show_link\":false,\"show_meta\":true,\"show_title\":true,\"title_element\":\"div\",\"title_grid_column_gap\":\"large\",\"title_grid_row_gap\":\"large\",\"title_grid_width\":\"expand\"},\"children\":[{\"type\":\"description_list_item\",\"props\":{\"content\":\"\n\n<p>Since 2023<\\\/p>\",\"meta\":\"\",\"title\":\"Associate at MCE Avocats\"}},{\"type\":\"description_list_item\",\"props\":{\"content\":\"\n\n<p><span>2020-2022\\u00a0<\\\/span><\\\/p>\",\"meta\":\"\",\"title\":\"Trainee lawyer at MCE Avocats\"}}]},{\"type\":\"headline\",\"props\":{\"content\":\"Education\",\"margin\":\"large\",\"margin_remove_bottom\":true,\"title_element\":\"h2\",\"title_style\":\"h3\"}},{\"type\":\"description_list\",\"props\":{\"column_breakpoint\":\"m\",\"layout\":\"grid-2\",\"list_element\":\"ul\",\"list_size\":\"large\",\"list_style\":\"striped\",\"meta_align\":\"below-title\",\"meta_style\":\"text-meta\",\"show_content\":true,\"show_link\":false,\"show_meta\":true,\"show_title\":true,\"title_element\":\"div\",\"title_grid_column_gap\":\"large\",\"title_grid_row_gap\":\"large\",\"title_grid_width\":\"expand\"},\"children\":[{\"type\":\"description_list_item\",\"props\":{\"content\":\"\n\n<p>2022<\\\/p>\",\"meta\":\"\",\"title\":\"Brevet d\\u2019avocat\"}},{\"type\":\"description_list_item\",\"props\":{\"content\":\"\n\n<p>2020<\\\/p>\",\"meta\":\"\",\"title\":\"Double cursus de Master bilingue en droit d\\u00e9livr\\u00e9 par les Universit\\u00e9s de Neuch\\u00e2tel et Lucerne\"}},{\"type\":\"description_list_item\",\"props\":{\"content\":\"\n\n<p>2018<\\\/p>\",\"meta\":\"\",\"title\":\"Bachelor bilingue en droit de l\\u2019Universit\\u00e9 de Fribourg\"}}]},{\"type\":\"totop\",\"props\":{\"margin\":\"default\",\"title\":\"Back to top\",\"title_grid_column_gap\":\"small\",\"title_grid_row_gap\":\"small\",\"title_style\":\"meta\"}}]}]}]}],\"version\":\"4.5.3\"} --><\/p>\n","protected":false},"excerpt":{"rendered":"<p>Member of the BarAssociate since 2023 AdresseMCE Avocats (Lausanne)Rue du Grand-Ch\u00eane 1Case postale 11061001 Lausanne Emailf.girardoz@mcelegal.ch LanguagesFR \/ ALL \/ EN Biography Florian Girardoz holds a bilingual Bachelor\u2019s degree in law from the University of Fribourg and a bilingual double Master\u2019s degree in law from the Universities of Neuch\u00e2tel and Lucerne. He joined MCE Avocats [&hellip;]<\/p>\n","protected":false},"author":11,"featured_media":16070,"parent":18938,"menu_order":0,"comment_status":"closed","ping_status":"closed","template":"","meta":{"footnotes":""},"tags":[],"class_list":["post-17242","page","type-page","status-publish","has-post-thumbnail","hentry"],"_links":{"self":[{"href":"https:\/\/mcelegal.ch\/en\/wp-json\/wp\/v2\/pages\/17242","targetHints":{"allow":["GET"]}}],"collection":[{"href":"https:\/\/mcelegal.ch\/en\/wp-json\/wp\/v2\/pages"}],"about":[{"href":"https:\/\/mcelegal.ch\/en\/wp-json\/wp\/v2\/types\/page"}],"author":[{"embeddable":true,"href":"https:\/\/mcelegal.ch\/en\/wp-json\/wp\/v2\/users\/11"}],"replies":[{"embeddable":true,"href":"https:\/\/mcelegal.ch\/en\/wp-json\/wp\/v2\/comments?post=17242"}],"version-history":[{"count":3,"href":"https:\/\/mcelegal.ch\/en\/wp-json\/wp\/v2\/pages\/17242\/revisions"}],"predecessor-version":[{"id":17661,"href":"https:\/\/mcelegal.ch\/en\/wp-json\/wp\/v2\/pages\/17242\/revisions\/17661"}],"up":[{"embeddable":true,"href":"https:\/\/mcelegal.ch\/en\/wp-json\/wp\/v2\/pages\/18938"}],"wp:featuredmedia":[{"embeddable":true,"href":"https:\/\/mcelegal.ch\/en\/wp-json\/wp\/v2\/media\/16070"}],"wp:attachment":[{"href":"https:\/\/mcelegal.ch\/en\/wp-json\/wp\/v2\/media?parent=17242"}],"wp:term":[{"taxonomy":"post_tag","embeddable":true,"href":"https:\/\/mcelegal.ch\/en\/wp-json\/wp\/v2\/tags?post=17242"}],"curies":[{"name":"wp","href":"https:\/\/api.w.org\/{rel}","templated":true}]}}