{"id":17167,"date":"2023-10-13T13:56:26","date_gmt":"2023-10-13T11:56:26","guid":{"rendered":"https:\/\/mcelegal.ch\/mce2024?page_id=17167"},"modified":"2025-02-18T10:01:04","modified_gmt":"2025-02-18T09:01:04","slug":"alexandra-carrel","status":"publish","type":"page","link":"https:\/\/mcelegal.ch\/en\/team\/alexandra-carrel\/","title":{"rendered":"Alexandra Carrel"},"content":{"rendered":"<h1>Alexandra Carrel<\/h1>\n<p><img decoding=\"async\" data-src=\"\/mce2024\/wp-content\/uploads\/2023\/07\/alexandra-carrel.png\" alt=\"alexandra carrel\" src=\"data:image\/svg+xml;base64,PHN2ZyB3aWR0aD0iMSIgaGVpZ2h0PSIxIiB4bWxucz0iaHR0cDovL3d3dy53My5vcmcvMjAwMC9zdmciPjwvc3ZnPg==\" class=\"lazyload\"><\/p>\n<hr>\n<ul>\n<li>\n<p>        <img decoding=\"async\" data-src=\"\/mce2024\/wp-content\/uploads\/2025\/01\/Avocat.png\" alt=\"\" src=\"data:image\/svg+xml;base64,PHN2ZyB3aWR0aD0iMSIgaGVpZ2h0PSIxIiB4bWxucz0iaHR0cDovL3d3dy53My5vcmcvMjAwMC9zdmciPjwvc3ZnPg==\" class=\"lazyload\"><\/p>\n<div>Avocat au barreau (Gen\u00e8ve)<br \/>Avocat partenaire depuis 2021<\/div>\n<\/li>\n<li>\n<p>        <img decoding=\"async\" data-src=\"\/mce2024\/wp-content\/uploads\/2025\/01\/localisation.png\" alt=\"\" src=\"data:image\/svg+xml;base64,PHN2ZyB3aWR0aD0iMSIgaGVpZ2h0PSIxIiB4bWxucz0iaHR0cDovL3d3dy53My5vcmcvMjAwMC9zdmciPjwvc3ZnPg==\" class=\"lazyload\"><\/p>\n<div><span><strong>Adresse<\/strong><br \/>Rue de Rothschild 50<\/span><br \/><span>1202 Gen\u00e8ve<\/span><\/div>\n<\/li>\n<li>\n<p>        <img decoding=\"async\" data-src=\"\/mce2024\/wp-content\/uploads\/2025\/01\/mail.png\" alt=\"\" src=\"data:image\/svg+xml;base64,PHN2ZyB3aWR0aD0iMSIgaGVpZ2h0PSIxIiB4bWxucz0iaHR0cDovL3d3dy53My5vcmcvMjAwMC9zdmciPjwvc3ZnPg==\" class=\"lazyload\"><\/p>\n<div><strong>Email<\/strong><br \/><a class=\"el-content\" href=\"mailto:a.carrel@mcelegal.ch\">a.carrel@mcelegal.ch<\/a><\/div>\n<\/li>\n<li>\n<p>        <img decoding=\"async\" data-src=\"\/mce2024\/wp-content\/uploads\/2025\/01\/langue-parle.png\" alt=\"\" src=\"data:image\/svg+xml;base64,PHN2ZyB3aWR0aD0iMSIgaGVpZ2h0PSIxIiB4bWxucz0iaHR0cDovL3d3dy53My5vcmcvMjAwMC9zdmciPjwvc3ZnPg==\" class=\"lazyload\"><\/p>\n<div><strong>Langue(s) parl\u00e9e(s)<\/strong><br \/>FR \/ ALL \/ EN<\/div>\n<\/li>\n<\/ul>\n<div>\n<p>Exer\u00e7ant depuis plus de 20 ans, Alexandra Carrel a pass\u00e9 une partie de sa carri\u00e8re dans des cabinets d\u2019avocats internationaux et comme Directeur juridique, puis Secr\u00e9taire g\u00e9n\u00e9ral, d\u2019Inserm Transfert, filiale de transfert de technologies de l\u2019INSERM. Elle fonde en 2014 le Cabinet CARREL (aujourd\u2019hui MCE CARREL) \u00e0 Paris puis Lyon (France). Elle est avocat partenaire de MCE LEGAL, \u00e0 Lausanne depuis 2021. Alexandra Carrel est \u00e9galement administrateur de la soci\u00e9t\u00e9 KETOSWISS, \u00e0 B\u00e2le (Suisse).\u00a0<\/p>\n<p>Alexandra Carrel a d\u00e9velopp\u00e9 une expertise juridique unique en mati\u00e8re de transfert de technologies ainsi que de protection et d\u00e9veloppement de produits innovants (m\u00e9dicaments, dispositifs m\u00e9dicaux, plateformes digitales et d\u2019intelligence artificielle, innovations technologiques et des mat\u00e9riaux, cosm\u00e9tique, chimie verte).\u00a0<\/p>\n<p>Ses comp\u00e9tences en droit fran\u00e7ais et en droit suisse, ainsi que sa connaissance du droit am\u00e9ricain, lui permettent d\u2019intervenir au c\u00f4t\u00e9 de ses clients dans des op\u00e9rations internationales complexes et dans le cadre d\u2019alliances strat\u00e9giques, aussi bien dans le domaine de la propri\u00e9t\u00e9 industrielle qu\u2019en mati\u00e8re de droit des affaires. Elle est ainsi \u00e0 m\u00eame de les assister depuis la cr\u00e9ation de leurs innovations jusqu\u2019\u00e0 la distribution ou la cession de leurs technologies ou de leur entreprise.\u00a0<\/p>\n<p>Me Alexandra Carrel conseille ainsi des soci\u00e9t\u00e9s de biotechnologies, de mat\u00e9riel m\u00e9dical, de services de recherche ou digitales, ainsi que des institutions acad\u00e9miques, dans le cadre de partenariats strat\u00e9giques et joint-ventures, de collaboration de recherche, d\u2019accords de coop\u00e9ration, d\u2019accords de licence, de contrats de manufacturing, d\u2019essai cliniques, et de distribution. Elle accompagne \u00e9galement ses clients dans le cadre d\u2019op\u00e9rations de cr\u00e9ation, de financement, d\u2019acquisition ou de restructuration de soci\u00e9t\u00e9s.<\/p>\n<\/div>\n<h2>Domaine d&#8217;expertise<\/h2>\n<ul>\n<li>\n<p>        <img decoding=\"async\" data-src=\"\/mce2024\/wp-content\/uploads\/2024\/12\/propriete-intellectuelle.png\" alt=\"\" src=\"data:image\/svg+xml;base64,PHN2ZyB3aWR0aD0iMSIgaGVpZ2h0PSIxIiB4bWxucz0iaHR0cDovL3d3dy53My5vcmcvMjAwMC9zdmciPjwvc3ZnPg==\" class=\"lazyload\"><\/p>\n<h3>Droit de la propri\u00e9t\u00e9 intellectuelle &#038; Industrielle<\/h3>\n<p><a href=\"\/mce2024\/index.php?page_id=15842\"><\/a><\/p>\n<\/li>\n<li>\n<p>        <img decoding=\"async\" data-src=\"\/mce2024\/wp-content\/uploads\/2024\/12\/biotechnologie-.png\" alt=\"\" src=\"data:image\/svg+xml;base64,PHN2ZyB3aWR0aD0iMSIgaGVpZ2h0PSIxIiB4bWxucz0iaHR0cDovL3d3dy53My5vcmcvMjAwMC9zdmciPjwvc3ZnPg==\" class=\"lazyload\"><\/p>\n<h3>Droit des biotechnologies &#038; sciences de la vie<\/h3>\n<p><a href=\"\/mce2024\/index.php?page_id=16131\"><\/a><\/p>\n<\/li>\n<li>\n<p>        <img decoding=\"async\" data-src=\"\/mce2024\/wp-content\/uploads\/2024\/12\/private-equity.png\" alt=\"\" src=\"data:image\/svg+xml;base64,PHN2ZyB3aWR0aD0iMSIgaGVpZ2h0PSIxIiB4bWxucz0iaHR0cDovL3d3dy53My5vcmcvMjAwMC9zdmciPjwvc3ZnPg==\" class=\"lazyload\"><\/p>\n<h3>Private equity<\/h3>\n<\/li>\n<\/ul>\n<h2>Activit\u00e9s professionnelles<\/h2>\n<ul>\n<li>\n<h3>Membre du Board de KetoSwiss,<\/h3>\n<div>\n<p>2022<\/p>\n<\/div>\n<\/li>\n<li>\n<h3> Avocat partenaire de l\u2019Etude MCE Avocats,(Lausanne, France)<\/h3>\n<div>\n<p><span>2021<\/span><\/p>\n<\/div>\n<\/li>\n<li>\n<h3> Fondation de Cabinet Carrel (Paris&#038;Lyon, France)<\/h3>\n<div>\n<p><span>2014\u00a0<\/span><\/p>\n<\/div>\n<\/li>\n<li>\n<h3>Animation en France et Suisse, de modules de formations sur la Propri\u00e9t\u00e9 Intellectuelle et le transfert de technologie,<\/h3>\n<div>\n<p><span>De 2010 \u00e0 ce jour<\/span><\/p>\n<\/div>\n<\/li>\n<li>\n<h3>Directeur juridique, puis secr\u00e9taire g\u00e9n\u00e9ral d\u2019Inserm Transfert (Paris, France),<\/h3>\n<div>\n<p><span>2010-2014\u00a0<\/span><\/p>\n<\/div>\n<\/li>\n<li>\n<h3> Avocat au sein du cabinet am\u00e9ricain Dechert (Paris, France),<\/h3>\n<div>\n<p><span>2005-2010<\/span><\/p>\n<\/div>\n<\/li>\n<li>\n<h3>Avocat au sein du cabinet am\u00e9ricain Coudert Fr\u00e8res (Paris, France)<\/h3>\n<div>\n<p><span>2000 &#8211; 2005<\/span><\/p>\n<\/div>\n<\/li>\n<li>\n<h3>Stage d\u2019avocat \u00e0 l\u2019Etude Guyot, Muehlstein et Levy (Gen\u00e8ve, Suisse),<\/h3>\n<div>\n<p><span>1990-2000<\/span><\/p>\n<\/div>\n<\/li>\n<li>\n<h3>Stage \u00e0 l\u2019Etude The Chamber Of Lord Goodhart QC, Barristers (Londres, Angleterre).<\/h3>\n<div>\n<p><span>1998<\/span><\/p>\n<\/div>\n<\/li>\n<\/ul>\n<h2>Formation<\/h2>\n<ul>\n<li>\n<h3>Certified Licensing Professional<\/h3>\n<div>\n<p>2014<\/p>\n<\/div>\n<\/li>\n<li>\n<h3>Examen du Barreau de Paris<\/h3>\n<div>\n<p>2004<\/p>\n<\/div>\n<\/li>\n<li>\n<h3>Master en droit des biotechnologies, Universit\u00e9 de Versailles-Saint-Quentin (France)<\/h3>\n<div>\n<p>2001<\/p>\n<\/div>\n<\/li>\n<li>\n<h3>Brevet d\u2019avocat \u00e0 Gen\u00e8ve, (Suisse)<\/h3>\n<div>\n<p>2000<\/p>\n<\/div>\n<\/li>\n<li>\n<h3>Licence en droit bilingue (FR-All), Universit\u00e9 de Fribourg (Suisse)<\/h3>\n<div>\n<p>1997\u00a0<\/p>\n<\/div>\n<\/li>\n<\/ul>\n<p><!--more--><br \/>\n<!-- {\"type\":\"layout\",\"children\":[{\"name\":\"Vita\",\"type\":\"section\",\"props\":{\"animation_delay\":false,\"image_position\":\"center-center\",\"style\":\"default\",\"title_breakpoint\":\"xl\",\"title_position\":\"top-left\",\"title_rotation\":\"left\",\"vertical_align\":\"\",\"width\":\"default\"},\"children\":[{\"type\":\"row\",\"children\":[{\"type\":\"column\",\"props\":{\"image_position\":\"center-center\",\"position_sticky_breakpoint\":\"m\",\"width_medium\":\"1-1\"},\"children\":[{\"type\":\"headline\",\"props\":{\"content\":\"Alexandra Carrel\",\"margin\":\"small\",\"title_color\":\"emphasis\",\"title_decoration\":\"bullet\",\"title_element\":\"h1\",\"title_style\":\"h2\"}},{\"type\":\"breadcrumbs\",\"props\":{\"show_current\":false,\"show_home\":true}}]}]},{\"type\":\"row\",\"props\":{\"column_gap\":\"large\",\"layout\":\"1-3,2-3\",\"row_gap\":\"large\"},\"children\":[{\"type\":\"column\",\"props\":{\"image_position\":\"center-center\",\"position_sticky\":\"column\",\"position_sticky_breakpoint\":\"m\",\"style\":\"card-default\",\"width_medium\":\"1-3\",\"width_small\":\"1-1\"},\"children\":[{\"type\":\"image\",\"props\":{\"css\":\".el-image {\\n    filter: grayscale(0%); \\\/* Noir et blanc par d\\u00e9faut *\\\/\\n    transition: filter 0.3s ease, transform 0.3s ease; \\\/* Transition fluide pour filtre et zoom *\\\/\\n    transform: scale(1); \\\/* \\u00c9chelle normale *\\\/\\n}\\n\\n.el-image:hover {\\n    filter: grayscale(100%); \\n     transform: scale(1.05); \\n    transition: filter 0.6s ease, transform 0.6s ease; \\\/* Transition fluide pour filtre et zoom *\\\/\\n}\",\"image\":\"wp-content\\\/uploads\\\/2023\\\/07\\\/alexandra-carrel.png\",\"image_alt\":\"alexandra carrel\",\"image_loading\":true,\"image_svg_color\":\"emphasis\",\"image_width\":\"600\",\"margin\":\"default\"}},{\"type\":\"divider\",\"props\":{\"divider_element\":\"hr\"}},{\"type\":\"list\",\"props\":{\"column_breakpoint\":\"m\",\"image_align\":\"left\",\"image_loading\":true,\"image_svg_color\":\"emphasis\",\"image_vertical_align\":true,\"image_width\":\"60\",\"list_element\":\"ul\",\"list_horizontal_separator\":\", \",\"list_style\":\"divider\",\"list_type\":\"vertical\",\"show_image\":true,\"show_link\":true},\"children\":[{\"type\":\"list_item\",\"props\":{\"content\":\"Avocat au barreau (Gen\\u00e8ve)<br \\\/>Avocat partenaire depuis 2021\",\"image\":\"wp-content\\\/uploads\\\/2025\\\/01\\\/Avocat.png\"}},{\"type\":\"list_item\",\"props\":{\"content\":\"<span><strong>Adresse<\\\/strong><br \\\/>Rue de Rothschild 50<\\\/span><br \\\/><span>1202 Gen\\u00e8ve<\\\/span>\",\"image\":\"wp-content\\\/uploads\\\/2025\\\/01\\\/localisation.png\"}},{\"type\":\"list_item\",\"props\":{\"content\":\"<strong>Email<\\\/strong><br \\\/><a class=\\\"el-content\\\" href=\\\"mailto:a.carrel@mcelegal.ch\\\">a.carrel@mcelegal.ch<\\\/a>\",\"image\":\"wp-content\\\/uploads\\\/2025\\\/01\\\/mail.png\"}},{\"type\":\"list_item\",\"props\":{\"content\":\"<strong>Langue(s) parl\\u00e9e(s)<\\\/strong><br \\\/>FR \\\/ ALL \\\/ EN\",\"image\":\"wp-content\\\/uploads\\\/2025\\\/01\\\/langue-parle.png\"}}]}]},{\"type\":\"column\",\"props\":{\"image_position\":\"center-center\",\"position_sticky_breakpoint\":\"m\",\"width_medium\":\"2-3\",\"width_small\":\"1-1\"},\"children\":[{\"type\":\"text\",\"props\":{\"column_breakpoint\":\"m\",\"content\":\"\n\n\n\n<p>Exer\\u00e7ant depuis plus de 20 ans, Alexandra Carrel a pass\\u00e9 une partie de sa carri\\u00e8re dans des cabinets d\\u2019avocats internationaux et comme Directeur juridique, puis Secr\\u00e9taire g\\u00e9n\\u00e9ral, d\\u2019Inserm Transfert, filiale de transfert de technologies de l\\u2019INSERM. Elle fonde en 2014 le Cabinet CARREL (aujourd\\u2019hui MCE CARREL) \\u00e0 Paris puis Lyon (France). Elle est avocat partenaire de MCE LEGAL, \\u00e0 Lausanne depuis 2021. Alexandra Carrel est \\u00e9galement administrateur de la soci\\u00e9t\\u00e9 KETOSWISS, \\u00e0 B\\u00e2le (Suisse).\\u00a0<\\\/p>\\n\n\n\n\n<p>Alexandra Carrel a d\\u00e9velopp\\u00e9 une expertise juridique unique en mati\\u00e8re de transfert de technologies ainsi que de protection et d\\u00e9veloppement de produits innovants (m\\u00e9dicaments, dispositifs m\\u00e9dicaux, plateformes digitales et d\\u2019intelligence artificielle, innovations technologiques et des mat\\u00e9riaux, cosm\\u00e9tique, chimie verte).\\u00a0<\\\/p>\\n\n\n\n\n<p>Ses comp\\u00e9tences en droit fran\\u00e7ais et en droit suisse, ainsi que sa connaissance du droit am\\u00e9ricain, lui permettent d\\u2019intervenir au c\\u00f4t\\u00e9 de ses clients dans des op\\u00e9rations internationales complexes et dans le cadre d\\u2019alliances strat\\u00e9giques, aussi bien dans le domaine de la propri\\u00e9t\\u00e9 industrielle qu\\u2019en mati\\u00e8re de droit des affaires. Elle est ainsi \\u00e0 m\\u00eame de les assister depuis la cr\\u00e9ation de leurs innovations jusqu\\u2019\\u00e0 la distribution ou la cession de leurs technologies ou de leur entreprise.\\u00a0<\\\/p>\\n\n\n\n\n<p>Me Alexandra Carrel conseille ainsi des soci\\u00e9t\\u00e9s de biotechnologies, de mat\\u00e9riel m\\u00e9dical, de services de recherche ou digitales, ainsi que des institutions acad\\u00e9miques, dans le cadre de partenariats strat\\u00e9giques et joint-ventures, de collaboration de recherche, d\\u2019accords de coop\\u00e9ration, d\\u2019accords de licence, de contrats de manufacturing, d\\u2019essai cliniques, et de distribution. Elle accompagne \\u00e9galement ses clients dans le cadre d\\u2019op\\u00e9rations de cr\\u00e9ation, de financement, d\\u2019acquisition ou de restructuration de soci\\u00e9t\\u00e9s.<\\\/p>\",\"margin\":\"default\",\"text_align\":\"justify\"}},{\"type\":\"headline\",\"props\":{\"content\":\"Domaine d'expertise\",\"margin\":\"large\",\"margin_remove_bottom\":true,\"title_element\":\"h2\",\"title_style\":\"h3\"}},{\"type\":\"panel-slider\",\"props\":{\"content_column_breakpoint\":\"m\",\"icon_width\":80,\"image_align\":\"top\",\"image_grid_breakpoint\":\"m\",\"image_grid_width\":\"1-2\",\"image_link\":false,\"image_svg_color\":\"emphasis\",\"image_width\":\"80\",\"link_style\":\"default\",\"link_text\":\"\",\"margin\":\"default\",\"meta_align\":\"below-title\",\"meta_element\":\"div\",\"meta_style\":\"text-meta\",\"nav\":\"dotnav\",\"nav_align\":\"center\",\"nav_breakpoint\":\"s\",\"panel_link\":true,\"panel_link_hover\":\"true\",\"panel_match\":true,\"panel_padding\":\"small\",\"panel_style\":\"tile-muted\",\"show_content\":true,\"show_hover_image\":true,\"show_hover_video\":true,\"show_image\":true,\"show_link\":true,\"show_meta\":true,\"show_title\":true,\"show_video\":true,\"slidenav\":\"outside\",\"slidenav_breakpoint\":\"\",\"slidenav_margin\":\"medium\",\"slidenav_outside_breakpoint\":\"s\",\"slider_autoplay_pause\":true,\"slider_gap\":\"default\",\"slider_width\":\"fixed\",\"slider_width_default\":\"1-1\",\"slider_width_medium\":\"1-3\",\"text_align\":\"center\",\"title_align\":\"top\",\"title_element\":\"h3\",\"title_grid_breakpoint\":\"m\",\"title_grid_width\":\"1-2\",\"title_hover_style\":\"reset\",\"title_style\":\"text-lead\"},\"children\":[{\"type\":\"panel-slider_item\",\"props\":{\"image\":\"wp-content\\\/uploads\\\/2024\\\/12\\\/propriete-intellectuelle.png\",\"link\":\"index.php?page_id=15842\",\"title\":\"Droit de la propri\\u00e9t\\u00e9 intellectuelle & Industrielle\"}},{\"type\":\"panel-slider_item\",\"props\":{\"image\":\"wp-content\\\/uploads\\\/2024\\\/12\\\/biotechnologie-.png\",\"link\":\"index.php?page_id=16131\",\"title\":\"Droit des biotechnologies & sciences de la vie\"}},{\"type\":\"panel-slider_item\",\"props\":{\"image\":\"wp-content\\\/uploads\\\/2024\\\/12\\\/private-equity.png\",\"title\":\"Private equity\"}}]},{\"type\":\"headline\",\"props\":{\"content\":\"Activit\\u00e9s professionnelles\",\"margin\":\"large\",\"margin_remove_bottom\":true,\"title_element\":\"h2\",\"title_style\":\"h3\"}},{\"type\":\"description_list\",\"props\":{\"column_breakpoint\":\"m\",\"layout\":\"grid-2\",\"list_element\":\"ul\",\"list_size\":\"large\",\"list_style\":\"striped\",\"meta_align\":\"below-content\",\"meta_style\":\"text-meta\",\"show_content\":true,\"show_link\":true,\"show_meta\":true,\"show_title\":true,\"title_element\":\"div\",\"title_grid_column_gap\":\"large\",\"title_grid_row_gap\":\"large\",\"title_grid_width\":\"expand\"},\"children\":[{\"type\":\"description_list_item\",\"props\":{\"content\":\"\n\n\n\n<p>2022<\\\/p>\",\"meta\":\"\",\"title\":\"Membre du Board de KetoSwiss,\"}},{\"type\":\"description_list_item\",\"props\":{\"content\":\"\n\n\n\n<p><span>2021<\\\/span><\\\/p>\",\"meta\":\"\",\"title\":\" Avocat partenaire de l\\u2019Etude MCE Avocats,(Lausanne, France)\"}},{\"type\":\"description_list_item\",\"props\":{\"content\":\"\n\n\n\n<p><span>2014\\u00a0<\\\/span><\\\/p>\",\"meta\":\"\",\"title\":\" Fondation de Cabinet Carrel (Paris&Lyon, France)\"}},{\"type\":\"description_list_item\",\"props\":{\"content\":\"\n\n\n\n<p><span>De 2010 \\u00e0 ce jour<\\\/span><\\\/p>\",\"meta\":\"\",\"title\":\"Animation en France et Suisse, de modules de formations sur la Propri\\u00e9t\\u00e9 Intellectuelle et le transfert de technologie,\"}},{\"type\":\"description_list_item\",\"props\":{\"content\":\"\n\n\n\n<p><span>2010-2014\\u00a0<\\\/span><\\\/p>\",\"meta\":\"\",\"title\":\"Directeur juridique, puis secr\\u00e9taire g\\u00e9n\\u00e9ral d\\u2019Inserm Transfert (Paris, France),\"}},{\"type\":\"description_list_item\",\"props\":{\"content\":\"\n\n\n\n<p><span>2005-2010<\\\/span><\\\/p>\",\"meta\":\"\",\"title\":\" Avocat au sein du cabinet am\\u00e9ricain Dechert (Paris, France),\"}},{\"type\":\"description_list_item\",\"props\":{\"content\":\"\n\n\n\n<p><span>2000 - 2005<\\\/span><\\\/p>\",\"meta\":\"\",\"title\":\"Avocat au sein du cabinet am\\u00e9ricain Coudert Fr\\u00e8res (Paris, France)\"}},{\"type\":\"description_list_item\",\"props\":{\"content\":\"\n\n\n\n<p><span>1990-2000<\\\/span><\\\/p>\",\"meta\":\"\",\"title\":\"Stage d\\u2019avocat \\u00e0 l\\u2019Etude Guyot, Muehlstein et Levy (Gen\\u00e8ve, Suisse),\"}},{\"type\":\"description_list_item\",\"props\":{\"content\":\"\n\n\n\n<p><span>1998<\\\/span><\\\/p>\",\"meta\":\"\",\"title\":\"Stage \\u00e0 l\\u2019Etude The Chamber Of Lord Goodhart QC, Barristers (Londres, Angleterre).\"}}]},{\"type\":\"headline\",\"props\":{\"content\":\"Formation\",\"margin\":\"large\",\"margin_remove_bottom\":true,\"title_element\":\"h2\",\"title_style\":\"h3\"}},{\"type\":\"description_list\",\"props\":{\"column_breakpoint\":\"m\",\"layout\":\"grid-2\",\"list_element\":\"ul\",\"list_size\":\"large\",\"list_style\":\"striped\",\"meta_align\":\"below-content\",\"meta_style\":\"text-meta\",\"show_content\":true,\"show_link\":true,\"show_meta\":true,\"show_title\":true,\"title_element\":\"div\",\"title_grid_column_gap\":\"large\",\"title_grid_row_gap\":\"large\",\"title_grid_width\":\"expand\"},\"children\":[{\"type\":\"description_list_item\",\"props\":{\"content\":\"\n\n\n\n<p>2014<\\\/p>\",\"meta\":\"\",\"title\":\"Certified Licensing Professional\"}},{\"type\":\"description_list_item\",\"props\":{\"content\":\"\n\n\n\n<p>2004<\\\/p>\",\"meta\":\"\",\"title\":\"Examen du Barreau de Paris\"}},{\"type\":\"description_list_item\",\"props\":{\"content\":\"\n\n\n\n<p>2001<\\\/p>\",\"meta\":\"\",\"title\":\"Master en droit des biotechnologies, Universit\\u00e9 de Versailles-Saint-Quentin (France)\"}},{\"type\":\"description_list_item\",\"props\":{\"content\":\"\n\n\n\n<p>2000<\\\/p>\",\"meta\":\"\",\"title\":\"Brevet d\\u2019avocat \\u00e0 Gen\\u00e8ve, (Suisse)\"}},{\"type\":\"description_list_item\",\"props\":{\"content\":\"\n\n\n\n<p>1997\\u00a0<\\\/p>\",\"meta\":\"\",\"title\":\"Licence en droit bilingue (FR-All), Universit\\u00e9 de Fribourg (Suisse)\"}}]},{\"type\":\"totop\",\"props\":{\"margin\":\"default\",\"title\":\"Retour en haut de page\",\"title_grid_column_gap\":\"small\",\"title_grid_row_gap\":\"small\",\"title_style\":\"meta\"}}]}]}]},{\"name\":\"Case Studies\",\"type\":\"section\",\"props\":{\"animation_delay\":false,\"image_position\":\"center-center\",\"padding\":\"large\",\"status\":\"disabled\",\"style\":\"muted\",\"title_breakpoint\":\"xl\",\"title_position\":\"top-left\",\"title_rotation\":\"left\",\"vertical_align\":\"\",\"width\":\"default\"},\"children\":[{\"type\":\"row\",\"props\":{\"margin\":\"large\"},\"children\":[{\"type\":\"column\",\"props\":{\"image_position\":\"center-center\",\"position_sticky_breakpoint\":\"m\",\"width_medium\":\"1-1\"},\"children\":[{\"type\":\"headline\",\"props\":{\"content\":\"Case Studies\",\"title_decoration\":\"bullet\",\"title_element\":\"h2\",\"title_style\":\"h3\"}}]}]},{\"type\":\"row\",\"props\":{\"column_gap\":\"large\",\"layout\":\"2-3,1-3\",\"row_gap\":\"large\"},\"children\":[{\"type\":\"column\",\"props\":{\"image_position\":\"center-center\",\"position_sticky_breakpoint\":\"m\",\"width_medium\":\"2-3\"},\"children\":[{\"type\":\"panel\",\"props\":{\"content\":\"Lorem ipsum dolor sit amet, consetetur sadipscing elitr, sed diam nonumy eirmod tempor invidunt ut labore et dolore magna aliquyam erat, sed diam voluptun dolor sit amet.\",\"content_column_breakpoint\":\"m\",\"icon_width\":80,\"image\":\"wp-content\\\/themes\\\/yootheme\\\/packages\\\/theme\\\/assets\\\/images\\\/element-image-placeholder.png\",\"image_align\":\"top\",\"image_grid_breakpoint\":\"m\",\"image_grid_width\":\"1-2\",\"image_svg_color\":\"emphasis\",\"image_width\":\"910\",\"link\":\"#\",\"link_style\":\"link-text\",\"link_text\":\"Read more\",\"margin\":\"default\",\"meta\":\"March 21, 2017\",\"meta_align\":\"above-title\",\"meta_element\":\"div\",\"meta_style\":\"text-meta\",\"title\":\"Saving over 3 Billion on a New Submarine\",\"title_align\":\"top\",\"title_element\":\"h3\",\"title_grid_breakpoint\":\"m\",\"title_grid_width\":\"1-2\",\"title_hover_style\":\"reset\"}}]},{\"type\":\"column\",\"props\":{\"image_position\":\"center-center\",\"order_first\":\"m\",\"position_sticky_breakpoint\":\"m\",\"width_medium\":\"1-3\"},\"children\":[{\"type\":\"grid\",\"props\":{\"content_column_breakpoint\":\"m\",\"filter_align\":\"left\",\"filter_all\":true,\"filter_grid_breakpoint\":\"m\",\"filter_grid_width\":\"auto\",\"filter_position\":\"top\",\"filter_style\":\"tab\",\"grid_default\":\"1\",\"grid_divider\":true,\"grid_medium\":\"\",\"icon_width\":80,\"image_align\":\"top\",\"image_grid_breakpoint\":\"m\",\"image_grid_width\":\"1-2\",\"image_svg_color\":\"emphasis\",\"item_animation\":true,\"lightbox_bg_close\":true,\"link_style\":\"link-text\",\"link_text\":\"Read more\",\"margin\":\"default\",\"meta_align\":\"above-title\",\"meta_element\":\"div\",\"meta_style\":\"text-meta\",\"parallax_easing\":\"1\",\"show_content\":true,\"show_hover_image\":true,\"show_hover_video\":true,\"show_image\":true,\"show_link\":true,\"show_meta\":true,\"show_title\":true,\"show_video\":true,\"title_align\":\"top\",\"title_element\":\"h3\",\"title_grid_breakpoint\":\"m\",\"title_grid_width\":\"1-2\",\"title_hover_style\":\"reset\",\"title_style\":\"h5\"},\"children\":[{\"type\":\"grid_item\",\"props\":{\"content\":\"\",\"link\":\"#\",\"meta\":\"March 21, 2017\",\"title\":\"Jack\\u2019s First Consulting Contract in Las Vegas\"}},{\"type\":\"grid_item\",\"props\":{\"content\":\"\",\"link\":\"#\",\"meta\":\"October 2, 2017\",\"title\":\"How to Keep Difficult Clients Happy\"}},{\"type\":\"grid_item\",\"props\":{\"content\":\"\",\"link\":\"#\",\"meta\":\"July 22, 2017\",\"title\":\"Creating New Business Standards\"}}]}]}]}]}],\"version\":\"4.5.3\"} --><\/p>\n","protected":false},"excerpt":{"rendered":"<p>Alexandra Carrel Avocat au barreau (Gen\u00e8ve)Avocat partenaire depuis 2021 AdresseRue de Rothschild 501202 Gen\u00e8ve Emaila.carrel@mcelegal.ch Langue(s) parl\u00e9e(s)FR \/ ALL \/ EN Exer\u00e7ant depuis plus de 20 ans, Alexandra Carrel a pass\u00e9 une partie de sa carri\u00e8re dans des cabinets d\u2019avocats internationaux et comme Directeur juridique, puis Secr\u00e9taire g\u00e9n\u00e9ral, d\u2019Inserm Transfert, filiale de transfert de technologies [&hellip;]<\/p>\n","protected":false},"author":11,"featured_media":16048,"parent":18938,"menu_order":0,"comment_status":"closed","ping_status":"closed","template":"","meta":{"footnotes":""},"tags":[258,259],"class_list":["post-17167","page","type-page","status-publish","has-post-thumbnail","hentry","tag-droit-de-la-propriete-intellectuelle-en","tag-private-equity-en"],"_links":{"self":[{"href":"https:\/\/mcelegal.ch\/en\/wp-json\/wp\/v2\/pages\/17167","targetHints":{"allow":["GET"]}}],"collection":[{"href":"https:\/\/mcelegal.ch\/en\/wp-json\/wp\/v2\/pages"}],"about":[{"href":"https:\/\/mcelegal.ch\/en\/wp-json\/wp\/v2\/types\/page"}],"author":[{"embeddable":true,"href":"https:\/\/mcelegal.ch\/en\/wp-json\/wp\/v2\/users\/11"}],"replies":[{"embeddable":true,"href":"https:\/\/mcelegal.ch\/en\/wp-json\/wp\/v2\/comments?post=17167"}],"version-history":[{"count":4,"href":"https:\/\/mcelegal.ch\/en\/wp-json\/wp\/v2\/pages\/17167\/revisions"}],"predecessor-version":[{"id":17637,"href":"https:\/\/mcelegal.ch\/en\/wp-json\/wp\/v2\/pages\/17167\/revisions\/17637"}],"up":[{"embeddable":true,"href":"https:\/\/mcelegal.ch\/en\/wp-json\/wp\/v2\/pages\/18938"}],"wp:featuredmedia":[{"embeddable":true,"href":"https:\/\/mcelegal.ch\/en\/wp-json\/wp\/v2\/media\/16048"}],"wp:attachment":[{"href":"https:\/\/mcelegal.ch\/en\/wp-json\/wp\/v2\/media?parent=17167"}],"wp:term":[{"taxonomy":"post_tag","embeddable":true,"href":"https:\/\/mcelegal.ch\/en\/wp-json\/wp\/v2\/tags?post=17167"}],"curies":[{"name":"wp","href":"https:\/\/api.w.org\/{rel}","templated":true}]}}